{"id":22,"date":"2022-04-07T19:38:26","date_gmt":"2022-04-07T17:38:26","guid":{"rendered":"https:\/\/lyggdrasil.com\/?page_id=22"},"modified":"2025-07-06T20:54:58","modified_gmt":"2025-07-06T18:54:58","slug":"contact-gite-lyggdrasil-marbeuf","status":"publish","type":"page","link":"https:\/\/lyggdrasil.com\/index.php\/contact-gite-lyggdrasil-marbeuf\/","title":{"rendered":"Contact"},"content":{"rendered":"\t\t<div data-elementor-type=\"wp-page\" data-elementor-id=\"22\" class=\"elementor elementor-22\">\n\t\t\t\t\t\t<section class=\"elementor-section elementor-top-section elementor-element elementor-element-38e42d0d elementor-section-boxed elementor-section-height-default elementor-section-height-default\" data-id=\"38e42d0d\" data-element_type=\"section\" data-e-type=\"section\">\n\t\t\t\t\t\t<div class=\"elementor-container elementor-column-gap-default\">\n\t\t\t\t\t<div class=\"elementor-column elementor-col-100 elementor-top-column elementor-element elementor-element-50ab989a\" data-id=\"50ab989a\" data-element_type=\"column\" data-e-type=\"column\" data-settings=\"{&quot;background_background&quot;:&quot;gradient&quot;}\">\n\t\t\t<div class=\"elementor-widget-wrap elementor-element-populated\">\n\t\t\t\t\t\t<div class=\"elementor-element elementor-element-aff3c4d elementor-widget elementor-widget-text-editor\" data-id=\"aff3c4d\" data-element_type=\"widget\" data-e-type=\"widget\" data-widget_type=\"text-editor.default\">\n\t\t\t\t<div class=\"elementor-widget-container\">\n\t\t\t\t\t\t\t\t\t<h4><span style=\"color: #000000;\"><em><strong><img alt=\"\" fetchpriority=\"high\" decoding=\"async\" class=\"aligncenter wp-image-872 size-medium\" src=\"https:\/\/lyggdrasil.com\/wp-content\/uploads\/2024\/02\/IMG_20231213_185823_1_resized_20240213_035817122-e1707836538811-195x300.jpg\" alt=\"\" width=\"195\" height=\"300\" srcset=\"https:\/\/lyggdrasil.com\/wp-content\/uploads\/2024\/02\/IMG_20231213_185823_1_resized_20240213_035817122-e1707836538811-195x300.jpg 195w, https:\/\/lyggdrasil.com\/wp-content\/uploads\/2024\/02\/IMG_20231213_185823_1_resized_20240213_035817122-e1707836538811-665x1024.jpg 665w, https:\/\/lyggdrasil.com\/wp-content\/uploads\/2024\/02\/IMG_20231213_185823_1_resized_20240213_035817122-e1707836538811-768x1182.jpg 768w, https:\/\/lyggdrasil.com\/wp-content\/uploads\/2024\/02\/IMG_20231213_185823_1_resized_20240213_035817122-e1707836538811-998x1536.jpg 998w, https:\/\/lyggdrasil.com\/wp-content\/uploads\/2024\/02\/IMG_20231213_185823_1_resized_20240213_035817122-e1707836538811-390x600.jpg 390w, https:\/\/lyggdrasil.com\/wp-content\/uploads\/2024\/02\/IMG_20231213_185823_1_resized_20240213_035817122-e1707836538811.jpg 1063w\" sizes=\"(max-width: 195px) 100vw, 195px\" \/><\/strong><\/em><\/span><\/h4><h4 style=\"text-align: center;\"><span style=\"color: #000000;\"><em><strong>Fr\u00e9d\u00e9rique et Thomas\u00a0<\/strong><\/em><\/span><\/h4><h4 style=\"text-align: center;\"><span style=\"color: #000000;\"><em><strong>Tel : 06.25.53.04.79 ou 06.12.21.86.16<\/strong><\/em><\/span><\/h4><h4 style=\"text-align: center;\"><span style=\"color: #000000;\"><em><strong>Mail : gite@lyggdrasil.com<\/strong><\/em><\/span><\/h4><h4 style=\"text-align: center;\"><span style=\"color: #000000;\"><em><strong>Retrouvez nous<\/strong><\/em><\/span><span style=\"color: #000000;\"><em><strong>\u00a0sur\u00a0<\/strong><\/em><\/span><span style=\"color: #000000;\"><em><strong>Facebook et instagram <\/strong><\/em><\/span><\/h4><h4 style=\"text-align: center;\"><span style=\"color: #000000;\"><em><strong>(en cliquant sur les liens ci-dessous)<\/strong><\/em><\/span><\/h4>\t\t\t\t\t\t\t\t<\/div>\n\t\t\t\t<\/div>\n\t\t\t\t<div class=\"elementor-element elementor-element-45f9276 animated-slow elementor-view-default elementor-invisible elementor-widget elementor-widget-icon\" data-id=\"45f9276\" data-element_type=\"widget\" data-e-type=\"widget\" data-settings=\"{&quot;_animation&quot;:&quot;fadeInLeft&quot;}\" data-widget_type=\"icon.default\">\n\t\t\t\t<div class=\"elementor-widget-container\">\n\t\t\t\t\t\t\t<div class=\"elementor-icon-wrapper\">\n\t\t\t<a class=\"elementor-icon\" href=\"http:\/\/facebook.com\/g\u00eete-lyggdrasil-103706265639704\/\" target=\"_blank\">\n\t\t\t<i aria-hidden=\"true\" class=\"fab fa-facebook-square\"><\/i>\t\t\t<\/a>\n\t\t<\/div>\n\t\t\t\t\t\t<\/div>\n\t\t\t\t<\/div>\n\t\t\t\t<div class=\"elementor-element elementor-element-cda27aa animated-slow elementor-view-default elementor-invisible elementor-widget elementor-widget-icon\" data-id=\"cda27aa\" data-element_type=\"widget\" data-e-type=\"widget\" data-settings=\"{&quot;_animation&quot;:&quot;fadeInLeft&quot;}\" data-widget_type=\"icon.default\">\n\t\t\t\t<div class=\"elementor-widget-container\">\n\t\t\t\t\t\t\t<div class=\"elementor-icon-wrapper\">\n\t\t\t<a class=\"elementor-icon\" href=\"https:\/\/www.instagram.com\/gite_l_yggdrasil\/\" target=\"_blank\">\n\t\t\t<i aria-hidden=\"true\" class=\"fab fa-instagram\"><\/i>\t\t\t<\/a>\n\t\t<\/div>\n\t\t\t\t\t\t<\/div>\n\t\t\t\t<\/div>\n\t\t\t\t\t<\/div>\n\t\t<\/div>\n\t\t\t\t\t<\/div>\n\t\t<\/section>\n\t\t\t\t<section class=\"elementor-section elementor-top-section elementor-element elementor-element-928a6b7 elementor-section-boxed elementor-section-height-default elementor-section-height-default\" data-id=\"928a6b7\" data-element_type=\"section\" data-e-type=\"section\">\n\t\t\t\t\t\t<div class=\"elementor-container elementor-column-gap-default\">\n\t\t\t\t\t<div class=\"elementor-column elementor-col-100 elementor-top-column elementor-element elementor-element-430d940\" data-id=\"430d940\" data-element_type=\"column\" data-e-type=\"column\">\n\t\t\t<div class=\"elementor-widget-wrap elementor-element-populated\">\n\t\t\t\t\t\t<div class=\"elementor-element elementor-element-f0b7447 elementor-widget elementor-widget-text-editor\" data-id=\"f0b7447\" data-element_type=\"widget\" data-e-type=\"widget\" data-widget_type=\"text-editor.default\">\n\t\t\t\t<div class=\"elementor-widget-container\">\n\t\t\t\t\t\t\t\t\t<h4><span style=\"color: #ffffff;\"><em><strong>\u00a0auhttp:\/\/[contact-for<\/strong><\/em><\/span><span style=\"color: #000000;\"><em><strong>\n<div class=\"wpcf7 no-js\" id=\"wpcf7-f45-o1\" lang=\"fr-FR\" dir=\"ltr\" data-wpcf7-id=\"45\">\n<div class=\"screen-reader-response\"><p role=\"status\" aria-live=\"polite\" aria-atomic=\"true\"><\/p> <ul><\/ul><\/div>\n<form action=\"\/index.php\/wp-json\/wp\/v2\/pages\/22#wpcf7-f45-o1\" method=\"post\" class=\"wpcf7-form init\" aria-label=\"Formulaire de contact\" novalidate=\"novalidate\" data-status=\"init\">\n<fieldset class=\"hidden-fields-container\"><input type=\"hidden\" name=\"_wpcf7\" value=\"45\" \/><input type=\"hidden\" name=\"_wpcf7_version\" value=\"6.1.5\" \/><input type=\"hidden\" name=\"_wpcf7_locale\" value=\"fr_FR\" \/><input type=\"hidden\" name=\"_wpcf7_unit_tag\" value=\"wpcf7-f45-o1\" \/><input type=\"hidden\" name=\"_wpcf7_container_post\" value=\"0\" \/><input type=\"hidden\" name=\"_wpcf7_posted_data_hash\" value=\"\" \/><input type=\"hidden\" name=\"_wpcf7_recaptcha_response\" value=\"\" \/>\n<\/fieldset>\n<p><label> Votre nom<br \/>\n<span class=\"wpcf7-form-control-wrap\" data-name=\"your-name\"><input size=\"40\" maxlength=\"400\" class=\"wpcf7-form-control wpcf7-text wpcf7-validates-as-required\" aria-required=\"true\" aria-invalid=\"false\" value=\"\" type=\"text\" name=\"your-name\" \/><\/span> <\/label>\n<\/p>\n<p><label> Votre e-mail<br \/>\n<span class=\"wpcf7-form-control-wrap\" data-name=\"your-email\"><input size=\"40\" maxlength=\"400\" class=\"wpcf7-form-control wpcf7-email wpcf7-validates-as-required wpcf7-text wpcf7-validates-as-email\" aria-required=\"true\" aria-invalid=\"false\" value=\"\" type=\"email\" name=\"your-email\" \/><\/span> <\/label>\n<\/p>\n<p><label> Objet<br \/>\n<span class=\"wpcf7-form-control-wrap\" data-name=\"your-subject\"><input size=\"40\" maxlength=\"400\" class=\"wpcf7-form-control wpcf7-text wpcf7-validates-as-required\" aria-required=\"true\" aria-invalid=\"false\" value=\"\" type=\"text\" name=\"your-subject\" \/><\/span> <\/label>\n<\/p>\n<p><label> Votre message (facultatif)<br \/>\n<span class=\"wpcf7-form-control-wrap\" data-name=\"your-message\"><textarea cols=\"40\" rows=\"10\" maxlength=\"2000\" class=\"wpcf7-form-control wpcf7-textarea\" aria-invalid=\"false\" name=\"your-message\"><\/textarea><\/span> <\/label>\n<\/p>\n<p><input type=\"text\" name=\"phone\" style=\"display:none;\" \/>\n<\/p>\n<p><label> Tapez le code ci-dessous<br \/>\n<input type=\"hidden\" name=\"_wpcf7_captcha_challenge_captcha-170\" value=\"1662966647\" \/><img decoding=\"async\" class=\"wpcf7-form-control wpcf7-captchac wpcf7-captcha-captcha-170\" width=\"72\" height=\"24\" alt=\"captcha\" src=\"https:\/\/lyggdrasil.com\/wp-content\/uploads\/wpcf7_captcha\/1662966647.png\" \/><br \/>\n<span class=\"wpcf7-form-control-wrap\" data-name=\"captcha-170\"><input size=\"6\" maxlength=\"6\" class=\"wpcf7-form-control wpcf7-captchar\" autocomplete=\"off\" aria-invalid=\"false\" value=\"\" type=\"text\" name=\"captcha-170\" \/><\/span><br \/>\n<input class=\"wpcf7-form-control wpcf7-submit has-spinner\" type=\"submit\" value=\"Envoyer\" \/><\/label>\n<\/p><p style=\"display: none !important;\" class=\"akismet-fields-container\" data-prefix=\"_wpcf7_ak_\"><label>&#916;<textarea name=\"_wpcf7_ak_hp_textarea\" cols=\"45\" rows=\"8\" maxlength=\"100\"><\/textarea><\/label><input type=\"hidden\" id=\"ak_js_1\" name=\"_wpcf7_ak_js\" value=\"34\"\/><script>document.getElementById( \"ak_js_1\" ).setAttribute( \"value\", ( new Date() ).getTime() );<\/script><\/p><div class=\"wpcf7-response-output\" aria-hidden=\"true\"><\/div>\n<\/form>\n<\/div>\n<\/strong><\/em><\/span><span style=\"color: #ffffff;\"><em><strong>m-7 id=ssi<\/strong><\/em><\/span><\/h4>\t\t\t\t\t\t\t\t<\/div>\n\t\t\t\t<\/div>\n\t\t\t\t\t<\/div>\n\t\t<\/div>\n\t\t\t\t\t<\/div>\n\t\t<\/section>\n\t\t\t\t<\/div>\n\t\t","protected":false},"excerpt":{"rendered":"<p>Fr\u00e9d\u00e9rique et Thomas\u00a0 Tel : 06.25.53.04.79 ou 06.12.21.86.16 Mail : gite@lyggdrasil.com Retrouvez nous\u00a0sur\u00a0Facebook et instagram (en cliquant sur les liens ci-dessous) \u00a0auhttp:\/\/[contact-form-7 id=ssi<\/p>\n","protected":false},"author":1,"featured_media":0,"parent":0,"menu_order":0,"comment_status":"closed","ping_status":"closed","template":"","meta":{"_seopress_robots_primary_cat":"","_seopress_titles_title":"","_seopress_titles_desc":"gi\u00eete france normandie eure marbeuf le neubourg evreux rouen campagne calme location semaine week-end mild-week vacances %","_seopress_robots_index":"","two_page_speed":[],"footnotes":""},"class_list":["post-22","page","type-page","status-publish","hentry"],"yoast_head":"<!-- This site is optimized with the Yoast SEO plugin v27.4 - https:\/\/yoast.com\/product\/yoast-seo-wordpress\/ -->\n<title>Contact - G\u00eete l&#039;Ygddrasil \u00e0 Marbeuf dans l&#039;Eure (27) - location de vacances jusqu&#039;\u00e0 11 personnes<\/title>\n<meta name=\"description\" content=\"gi\u00eete france normandie eure marbeuf le neubourg evreux rouen campagne calme location semaine week-end mild-week vacances %\" \/>\n<meta name=\"robots\" content=\"index, follow, max-snippet:-1, max-image-preview:large, max-video-preview:-1\" \/>\n<link rel=\"canonical\" href=\"https:\/\/lyggdrasil.com\/index.php\/contact-gite-lyggdrasil-marbeuf\/\" \/>\n<meta property=\"og:locale\" content=\"fr_FR\" \/>\n<meta property=\"og:type\" content=\"article\" \/>\n<meta property=\"og:title\" content=\"Contact - G\u00eete l&#039;Ygddrasil \u00e0 Marbeuf dans l&#039;Eure (27) - location de vacances jusqu&#039;\u00e0 11 personnes\" \/>\n<meta property=\"og:description\" content=\"gi\u00eete france normandie eure marbeuf le neubourg evreux rouen campagne calme location semaine week-end mild-week vacances %\" \/>\n<meta property=\"og:url\" content=\"https:\/\/lyggdrasil.com\/index.php\/contact-gite-lyggdrasil-marbeuf\/\" \/>\n<meta property=\"og:site_name\" content=\"G\u00eete l&#039;Ygddrasil \u00e0 Marbeuf dans l&#039;Eure (27) - location de vacances jusqu&#039;\u00e0 11 personnes\" \/>\n<meta property=\"article:publisher\" content=\"https:\/\/www.facebook.com\/gte-lyggdrasil-103706265639704\/\" \/>\n<meta property=\"article:modified_time\" content=\"2025-07-06T18:54:58+00:00\" \/>\n<meta property=\"og:image\" content=\"https:\/\/lyggdrasil.com\/wp-content\/uploads\/2024\/02\/IMG_20231213_185823_1_resized_20240213_035817122-e1707836538811-195x300.jpg\" \/>\n<meta name=\"twitter:card\" content=\"summary_large_image\" \/>\n<meta name=\"twitter:label1\" content=\"Dur\u00e9e de lecture estim\u00e9e\" \/>\n\t<meta name=\"twitter:data1\" content=\"1 minute\" \/>\n<script type=\"application\/ld+json\" class=\"yoast-schema-graph\">{\"@context\":\"https:\\\/\\\/schema.org\",\"@graph\":[{\"@type\":\"WebPage\",\"@id\":\"https:\\\/\\\/lyggdrasil.com\\\/index.php\\\/contact-gite-lyggdrasil-marbeuf\\\/\",\"url\":\"https:\\\/\\\/lyggdrasil.com\\\/index.php\\\/contact-gite-lyggdrasil-marbeuf\\\/\",\"name\":\"Contact - G\u00eete l&#039;Ygddrasil \u00e0 Marbeuf dans l&#039;Eure (27) - location de vacances jusqu&#039;\u00e0 11 personnes\",\"isPartOf\":{\"@id\":\"https:\\\/\\\/lyggdrasil.com\\\/#website\"},\"primaryImageOfPage\":{\"@id\":\"https:\\\/\\\/lyggdrasil.com\\\/index.php\\\/contact-gite-lyggdrasil-marbeuf\\\/#primaryimage\"},\"image\":{\"@id\":\"https:\\\/\\\/lyggdrasil.com\\\/index.php\\\/contact-gite-lyggdrasil-marbeuf\\\/#primaryimage\"},\"thumbnailUrl\":\"https:\\\/\\\/lyggdrasil.com\\\/wp-content\\\/uploads\\\/2024\\\/02\\\/IMG_20231213_185823_1_resized_20240213_035817122-e1707836538811-195x300.jpg\",\"datePublished\":\"2022-04-07T17:38:26+00:00\",\"dateModified\":\"2025-07-06T18:54:58+00:00\",\"description\":\"gi\u00eete france normandie eure marbeuf le neubourg evreux rouen campagne calme location semaine week-end mild-week vacances %\",\"breadcrumb\":{\"@id\":\"https:\\\/\\\/lyggdrasil.com\\\/index.php\\\/contact-gite-lyggdrasil-marbeuf\\\/#breadcrumb\"},\"inLanguage\":\"fr-FR\",\"potentialAction\":[{\"@type\":\"ReadAction\",\"target\":[\"https:\\\/\\\/lyggdrasil.com\\\/index.php\\\/contact-gite-lyggdrasil-marbeuf\\\/\"]}]},{\"@type\":\"ImageObject\",\"inLanguage\":\"fr-FR\",\"@id\":\"https:\\\/\\\/lyggdrasil.com\\\/index.php\\\/contact-gite-lyggdrasil-marbeuf\\\/#primaryimage\",\"url\":\"https:\\\/\\\/lyggdrasil.com\\\/wp-content\\\/uploads\\\/2024\\\/02\\\/IMG_20231213_185823_1_resized_20240213_035817122-e1707836538811.jpg\",\"contentUrl\":\"https:\\\/\\\/lyggdrasil.com\\\/wp-content\\\/uploads\\\/2024\\\/02\\\/IMG_20231213_185823_1_resized_20240213_035817122-e1707836538811.jpg\",\"width\":1063,\"height\":1636},{\"@type\":\"BreadcrumbList\",\"@id\":\"https:\\\/\\\/lyggdrasil.com\\\/index.php\\\/contact-gite-lyggdrasil-marbeuf\\\/#breadcrumb\",\"itemListElement\":[{\"@type\":\"ListItem\",\"position\":1,\"name\":\"Accueil\",\"item\":\"https:\\\/\\\/lyggdrasil.com\\\/\"},{\"@type\":\"ListItem\",\"position\":2,\"name\":\"Contact\"}]},{\"@type\":\"WebSite\",\"@id\":\"https:\\\/\\\/lyggdrasil.com\\\/#website\",\"url\":\"https:\\\/\\\/lyggdrasil.com\\\/\",\"name\":\"G\u00eete l&#039;Ygddrasil \u00e0 Marbeuf dans l&#039;Eure (27) - location de vacances jusqu&#039;\u00e0 11 personnes\",\"description\":\"Venez vous resourcer en plein c\u0153ur de la Normandie, \u00e0 Marbeuf dans l&#039;Eure (27) dans un g\u00eete pouvant accueillir jusqu&#039;\u00e0 11 personnes - proche LE NEUBOURG, ROUEN et EVREUX\",\"publisher\":{\"@id\":\"https:\\\/\\\/lyggdrasil.com\\\/#organization\"},\"potentialAction\":[{\"@type\":\"SearchAction\",\"target\":{\"@type\":\"EntryPoint\",\"urlTemplate\":\"https:\\\/\\\/lyggdrasil.com\\\/?s={search_term_string}\"},\"query-input\":{\"@type\":\"PropertyValueSpecification\",\"valueRequired\":true,\"valueName\":\"search_term_string\"}}],\"inLanguage\":\"fr-FR\"},{\"@type\":\"Organization\",\"@id\":\"https:\\\/\\\/lyggdrasil.com\\\/#organization\",\"name\":\"G\u00eete l'Yggdrasil\",\"url\":\"https:\\\/\\\/lyggdrasil.com\\\/\",\"logo\":{\"@type\":\"ImageObject\",\"inLanguage\":\"fr-FR\",\"@id\":\"https:\\\/\\\/lyggdrasil.com\\\/#\\\/schema\\\/logo\\\/image\\\/\",\"url\":\"https:\\\/\\\/lyggdrasil.com\\\/wp-content\\\/uploads\\\/2022\\\/04\\\/cropped-arbre-de-vie.png\",\"contentUrl\":\"https:\\\/\\\/lyggdrasil.com\\\/wp-content\\\/uploads\\\/2022\\\/04\\\/cropped-arbre-de-vie.png\",\"width\":2357,\"height\":2357,\"caption\":\"G\u00eete l'Yggdrasil\"},\"image\":{\"@id\":\"https:\\\/\\\/lyggdrasil.com\\\/#\\\/schema\\\/logo\\\/image\\\/\"},\"sameAs\":[\"https:\\\/\\\/www.facebook.com\\\/gte-lyggdrasil-103706265639704\\\/\",\"https:\\\/\\\/www.instagram.com\\\/gite_l_yggdrasil\\\/\"]}]}<\/script>\n<!-- \/ Yoast SEO plugin. -->","yoast_head_json":{"title":"Contact - G\u00eete l&#039;Ygddrasil \u00e0 Marbeuf dans l&#039;Eure (27) - location de vacances jusqu&#039;\u00e0 11 personnes","description":"gi\u00eete france normandie eure marbeuf le neubourg evreux rouen campagne calme location semaine week-end mild-week vacances %","robots":{"index":"index","follow":"follow","max-snippet":"max-snippet:-1","max-image-preview":"max-image-preview:large","max-video-preview":"max-video-preview:-1"},"canonical":"https:\/\/lyggdrasil.com\/index.php\/contact-gite-lyggdrasil-marbeuf\/","og_locale":"fr_FR","og_type":"article","og_title":"Contact - G\u00eete l&#039;Ygddrasil \u00e0 Marbeuf dans l&#039;Eure (27) - location de vacances jusqu&#039;\u00e0 11 personnes","og_description":"gi\u00eete france normandie eure marbeuf le neubourg evreux rouen campagne calme location semaine week-end mild-week vacances %","og_url":"https:\/\/lyggdrasil.com\/index.php\/contact-gite-lyggdrasil-marbeuf\/","og_site_name":"G\u00eete l&#039;Ygddrasil \u00e0 Marbeuf dans l&#039;Eure (27) - location de vacances jusqu&#039;\u00e0 11 personnes","article_publisher":"https:\/\/www.facebook.com\/gte-lyggdrasil-103706265639704\/","article_modified_time":"2025-07-06T18:54:58+00:00","og_image":[{"url":"https:\/\/lyggdrasil.com\/wp-content\/uploads\/2024\/02\/IMG_20231213_185823_1_resized_20240213_035817122-e1707836538811-195x300.jpg","type":"","width":"","height":""}],"twitter_card":"summary_large_image","twitter_misc":{"Dur\u00e9e de lecture estim\u00e9e":"1 minute"},"schema":{"@context":"https:\/\/schema.org","@graph":[{"@type":"WebPage","@id":"https:\/\/lyggdrasil.com\/index.php\/contact-gite-lyggdrasil-marbeuf\/","url":"https:\/\/lyggdrasil.com\/index.php\/contact-gite-lyggdrasil-marbeuf\/","name":"Contact - G\u00eete l&#039;Ygddrasil \u00e0 Marbeuf dans l&#039;Eure (27) - location de vacances jusqu&#039;\u00e0 11 personnes","isPartOf":{"@id":"https:\/\/lyggdrasil.com\/#website"},"primaryImageOfPage":{"@id":"https:\/\/lyggdrasil.com\/index.php\/contact-gite-lyggdrasil-marbeuf\/#primaryimage"},"image":{"@id":"https:\/\/lyggdrasil.com\/index.php\/contact-gite-lyggdrasil-marbeuf\/#primaryimage"},"thumbnailUrl":"https:\/\/lyggdrasil.com\/wp-content\/uploads\/2024\/02\/IMG_20231213_185823_1_resized_20240213_035817122-e1707836538811-195x300.jpg","datePublished":"2022-04-07T17:38:26+00:00","dateModified":"2025-07-06T18:54:58+00:00","description":"gi\u00eete france normandie eure marbeuf le neubourg evreux rouen campagne calme location semaine week-end mild-week vacances %","breadcrumb":{"@id":"https:\/\/lyggdrasil.com\/index.php\/contact-gite-lyggdrasil-marbeuf\/#breadcrumb"},"inLanguage":"fr-FR","potentialAction":[{"@type":"ReadAction","target":["https:\/\/lyggdrasil.com\/index.php\/contact-gite-lyggdrasil-marbeuf\/"]}]},{"@type":"ImageObject","inLanguage":"fr-FR","@id":"https:\/\/lyggdrasil.com\/index.php\/contact-gite-lyggdrasil-marbeuf\/#primaryimage","url":"https:\/\/lyggdrasil.com\/wp-content\/uploads\/2024\/02\/IMG_20231213_185823_1_resized_20240213_035817122-e1707836538811.jpg","contentUrl":"https:\/\/lyggdrasil.com\/wp-content\/uploads\/2024\/02\/IMG_20231213_185823_1_resized_20240213_035817122-e1707836538811.jpg","width":1063,"height":1636},{"@type":"BreadcrumbList","@id":"https:\/\/lyggdrasil.com\/index.php\/contact-gite-lyggdrasil-marbeuf\/#breadcrumb","itemListElement":[{"@type":"ListItem","position":1,"name":"Accueil","item":"https:\/\/lyggdrasil.com\/"},{"@type":"ListItem","position":2,"name":"Contact"}]},{"@type":"WebSite","@id":"https:\/\/lyggdrasil.com\/#website","url":"https:\/\/lyggdrasil.com\/","name":"G\u00eete l&#039;Ygddrasil \u00e0 Marbeuf dans l&#039;Eure (27) - location de vacances jusqu&#039;\u00e0 11 personnes","description":"Venez vous resourcer en plein c\u0153ur de la Normandie, \u00e0 Marbeuf dans l&#039;Eure (27) dans un g\u00eete pouvant accueillir jusqu&#039;\u00e0 11 personnes - proche LE NEUBOURG, ROUEN et EVREUX","publisher":{"@id":"https:\/\/lyggdrasil.com\/#organization"},"potentialAction":[{"@type":"SearchAction","target":{"@type":"EntryPoint","urlTemplate":"https:\/\/lyggdrasil.com\/?s={search_term_string}"},"query-input":{"@type":"PropertyValueSpecification","valueRequired":true,"valueName":"search_term_string"}}],"inLanguage":"fr-FR"},{"@type":"Organization","@id":"https:\/\/lyggdrasil.com\/#organization","name":"G\u00eete l'Yggdrasil","url":"https:\/\/lyggdrasil.com\/","logo":{"@type":"ImageObject","inLanguage":"fr-FR","@id":"https:\/\/lyggdrasil.com\/#\/schema\/logo\/image\/","url":"https:\/\/lyggdrasil.com\/wp-content\/uploads\/2022\/04\/cropped-arbre-de-vie.png","contentUrl":"https:\/\/lyggdrasil.com\/wp-content\/uploads\/2022\/04\/cropped-arbre-de-vie.png","width":2357,"height":2357,"caption":"G\u00eete l'Yggdrasil"},"image":{"@id":"https:\/\/lyggdrasil.com\/#\/schema\/logo\/image\/"},"sameAs":["https:\/\/www.facebook.com\/gte-lyggdrasil-103706265639704\/","https:\/\/www.instagram.com\/gite_l_yggdrasil\/"]}]}},"_links":{"self":[{"href":"https:\/\/lyggdrasil.com\/index.php\/wp-json\/wp\/v2\/pages\/22","targetHints":{"allow":["GET"]}}],"collection":[{"href":"https:\/\/lyggdrasil.com\/index.php\/wp-json\/wp\/v2\/pages"}],"about":[{"href":"https:\/\/lyggdrasil.com\/index.php\/wp-json\/wp\/v2\/types\/page"}],"author":[{"embeddable":true,"href":"https:\/\/lyggdrasil.com\/index.php\/wp-json\/wp\/v2\/users\/1"}],"replies":[{"embeddable":true,"href":"https:\/\/lyggdrasil.com\/index.php\/wp-json\/wp\/v2\/comments?post=22"}],"version-history":[{"count":47,"href":"https:\/\/lyggdrasil.com\/index.php\/wp-json\/wp\/v2\/pages\/22\/revisions"}],"predecessor-version":[{"id":978,"href":"https:\/\/lyggdrasil.com\/index.php\/wp-json\/wp\/v2\/pages\/22\/revisions\/978"}],"wp:attachment":[{"href":"https:\/\/lyggdrasil.com\/index.php\/wp-json\/wp\/v2\/media?parent=22"}],"curies":[{"name":"wp","href":"https:\/\/api.w.org\/{rel}","templated":true}]}}