{"id":143,"date":"2022-07-01T14:21:19","date_gmt":"2022-07-01T12:21:19","guid":{"rendered":"https:\/\/lyggdrasil.com\/?page_id=143"},"modified":"2024-10-14T12:40:04","modified_gmt":"2024-10-14T10:40:04","slug":"a-voir-a-faire","status":"publish","type":"page","link":"https:\/\/lyggdrasil.com\/index.php\/a-voir-a-faire\/","title":{"rendered":"A voir \/ A faire"},"content":{"rendered":"\t\t<div data-elementor-type=\"wp-page\" data-elementor-id=\"143\" class=\"elementor elementor-143\">\n\t\t\t\t\t\t<section class=\"elementor-section elementor-top-section elementor-element elementor-element-46ed28b elementor-section-boxed elementor-section-height-default elementor-section-height-default\" data-id=\"46ed28b\" data-element_type=\"section\" data-e-type=\"section\">\n\t\t\t\t\t\t<div class=\"elementor-container elementor-column-gap-default\">\n\t\t\t\t\t<div class=\"elementor-column elementor-col-100 elementor-top-column elementor-element elementor-element-352d86b\" data-id=\"352d86b\" data-element_type=\"column\" data-e-type=\"column\">\n\t\t\t<div class=\"elementor-widget-wrap elementor-element-populated\">\n\t\t\t\t\t\t<div class=\"elementor-element elementor-element-18b01ec elementor-widget elementor-widget-text-editor\" data-id=\"18b01ec\" data-element_type=\"widget\" data-e-type=\"widget\" data-widget_type=\"text-editor.default\">\n\t\t\t\t<div class=\"elementor-widget-container\">\n\t\t\t\t\t\t\t\t\t<h4>\u00a0<\/h4><h4><span style=\"color: #00ff00;\"><em><span style=\"text-decoration: underline;\"><strong>Id\u00e9es de visites \u00e0 proximit\u00e9 :<\/strong><\/span><\/em><\/span><\/h4><ul><li><span style=\"color: #ccffcc;\"><i>Ch\u00e2teau<\/i><em> du champ de bataille \u00e0 SAINTE OPPORTUNE DU BOSC<\/em><\/span><\/li><li><span style=\"color: #ccffcc;\"><i>Ch\u00e2teau<\/i><em>\u00a0Gaillard \u00e0 Les Andelys<\/em><\/span><\/li><li><span style=\"color: #ccffcc;\"><i>Ch\u00e2teau<\/i><em>\u00a0de Gisors<\/em><\/span><\/li><li><span style=\"color: #ccffcc;\"><em>Ch\u00e2teau d&rsquo;Harcourt et son arboretum<\/em><\/span><\/li><li><span style=\"color: #ccffcc;\"><em>Mus\u00e9e des impressionnismes \u00e0 Giverny<\/em><\/span><\/li><li><span style=\"color: #ccffcc;\"><em>Mus\u00e9e de l&rsquo;\u00e9corch\u00e9 Le Neubourg<\/em><\/span><\/li><li><span style=\"color: #ccffcc;\"><em>Village et abbaye du Bec Hellouin<\/em><\/span><\/li><li><span style=\"color: #ccffcc;\"><em>Les jardins de Claude Monet \u00e0 Giverny<\/em><\/span><\/li><li><span style=\"color: #ccffcc;\"><em>La cit\u00e9 antique de Gisacum \u2013 proche evreux<\/em><\/span><\/li><li><span style=\"color: #ccffcc;\"><em>Visite de Rouen &#8211;\u00a0<span style=\"color: #ffcc00;\"><a style=\"color: #ffcc00;\" href=\"https:\/\/www.rouentourisme.com\/incontournables\/\">https:\/\/www.rouentourisme.com\/incontournables\/<\/a><\/span><\/em><\/span><\/li><\/ul><h3>\u00a0<\/h3><h4><span style=\"color: #00ff00;\"><em><strong><span style=\"text-decoration: underline;\">Id\u00e9es d&rsquo;activit\u00e9s :<\/span><\/strong><\/em><\/span><\/h4><ul><li><span style=\"color: #ccffcc;\">Terrain de p\u00e9tanque, city stade et cabane de lecture dans le village<\/span><\/li><li><span style=\"color: #ccffcc;\"><em>Golfs du champs de bataille et d&rsquo;EVREUX<\/em><\/span><\/li><li><span style=\"color: #ccffcc;\"><em>Voie verte \u00e0 4km<\/em><\/span><\/li><li><span style=\"color: #ccffcc;\"><em>Bois du champ de bataille (parcours\u00a0sportif et d&rsquo;orientation)<\/em><\/span><\/li><li><span style=\"color: #ccffcc;\"><em>Zoo de Cerza &#8211; <span style=\"color: #ffcc00;\"><a style=\"color: #ffcc00;\" href=\"https:\/\/www.cerza.com\/\">Zoo de Cerza : Parc animalier Normandie<\/a><\/span><\/em><\/span><\/li><li><span style=\"color: #ccffcc;\"><em>Biotropica (jardins animaliers ) &#8211;\u00a0<span style=\"color: #ffcc00;\"><a style=\"color: #ffcc00;\" href=\"https:\/\/www.biotropica.fr\">https:\/\/www.biotropica.fr<\/a><\/span><\/em><\/span><\/li><li><span style=\"color: #ccffcc;\"><em>Parc aquatique Center parc \u00e0 Verneuil sur avre<\/em><\/span><\/li><li><span style=\"color: #ccffcc;\"><em>Piscine Le Neubourg (5km)<\/em><\/span><\/li><li><span style=\"color: #ccffcc;\"><em>Trampoline park au Thuit signol &#8211; <a style=\"color: #ccffcc;\" href=\"http:\/\/www.jump-park276.fr\/\"><span style=\"color: #ffcc00;\">Jump&rsquo;Park276<\/span> <span style=\"color: #ffcc00;\">(jump-park276.fr)<\/span><\/a><\/em><\/span><\/li><li><span style=\"color: #ccffcc;\"><em>Centre \u00e9questre Le Neubourg &#8211;\u00a0<span style=\"color: #ffcc00;\"><a style=\"color: #ffcc00;\" href=\"https:\/\/www.club-hippique-neubourg.fr\">https:\/\/www.club-hippique-neubourg.fr<\/a><\/span><\/em><\/span><\/li><li><span style=\"color: #ccffcc;\"><em>Acroforest \u00e0 Brosville (accrobranche, escape game, laser forest, combat sumo, commando forest, &#8230;) &#8211;\u00a0<span style=\"color: #ffcc00;\"><a style=\"color: #ffcc00;\" href=\"https:\/\/www.acroforest.com\/\">https:\/\/www.acroforest.com\/<\/a><\/span><\/em><\/span><\/li><li><span style=\"color: #ccffcc;\"><em>Patinoire et piscine \u00e0 Louviers \u00e0 17 km <span style=\"color: #ffcc00;\">&#8211;<a style=\"color: #ffcc00;\" href=\"https:\/\/www.patinoire-glaceo.fr\">https:\/\/www.patinoire-glaceo.fr<\/a><\/span><\/em><\/span><\/li><li><span style=\"color: #ccffcc;\"><em>G\u00e9ocaching &#8211;<span style=\"color: #ffcc00;\">\u00a0<\/span><a style=\"color: #ccffcc;\" href=\"https:\/\/www.geocaching.com\/\"><span style=\"color: #ffcc00;\">https:\/\/www.geocaching.com<\/span>\/<\/a><\/em><\/span><\/li><li><span style=\"color: #ccffcc;\"><em>Lac de Lery pose (activit\u00e9s nautiques et terrestres) <span style=\"color: #ffcc00;\">&#8211;<a style=\"color: #ffcc00;\" href=\"https:\/\/lery-poses.fr\">https:\/\/lery-poses.fr<\/a><\/span><\/em><\/span><\/li><li><span style=\"color: #ccffcc;\"><em>Cabaret au Vitotel &#8211; <span style=\"color: #ffcc00;\"><a style=\"color: #ffcc00;\" href=\"https:\/\/vitotel-cabaret.fr\/\">vitotel-cabaret.fr<\/a><\/span><\/em><\/span><\/li><li><span style=\"color: #ccffcc;\">Cano\u00e9 kayak sur l&rsquo;Eure ou la seine<\/span><\/li><li><span style=\"color: #ccffcc;\">ballade en attelage et visite de la ferme &#8211; <\/span><span style=\"color: #ffcc00;\"><a style=\"color: #ffcc00;\" href=\"http:\/\/auxcouleureducheval.fr\/attelage\/\">auxclouleureducheval.fr<\/a><\/span><\/li><li><span style=\"color: #ccffcc;\"><em>Les plages sont \u00e0 environ 1h15 du g\u00eete ; vous retrouverez toutes les plages de Normandie du d\u00e9barquement<\/em><\/span><\/li><\/ul><div><span style=\"color: #ccffcc;\"><em>\u00a0<\/em><\/span><\/div><h4><span style=\"color: #00ff00;\"><em><span style=\"text-decoration: underline;\"><strong>Les march\u00e9s :<\/strong><\/span><\/em><\/span><\/h4><ul><li><span style=\"color: #ccffcc;\"><em><span style=\"font-family: 'Times New Roman', serif;\"><span style=\"font-size: large;\"><span style=\"text-decoration: underline;\">Le Neubourg :<\/span> tous les mercredis matins toute l&rsquo;ann\u00e9e<\/span><\/span><\/em><\/span><\/li><\/ul><ul><li><span style=\"color: #ccffcc;\"><em><span style=\"text-decoration: underline;\"><span style=\"font-family: 'Times New Roman', serif;\"><span style=\"font-size: large;\">Louviers <\/span><\/span><\/span><span style=\"font-family: 'Times New Roman', serif;\"><span style=\"font-size: large;\">:<\/span><\/span><span style=\"font-family: Times New Roman, serif;\"><span style=\"font-size: large;\">toute l&rsquo;ann\u00e9e le samedi de 8h \u00e0 13h en centre ville (heures de d\u00e9but et fin de march\u00e9 peuvent varier en fonction de la m\u00e9t\u00e9o et de la saison)<\/span><\/span><\/em><em><span style=\"font-family: 'Times New Roman', serif;\"><span style=\"font-size: large;\">toute l&rsquo;ann\u00e9e le mercredi de 9h \u00e0 13h (adresse : Place du Champ de Ville) <\/span><\/span><\/em><\/span><\/li><\/ul><ul><li><span style=\"color: #ccffcc;\"><em><span style=\"text-decoration: underline;\"><span style=\"font-family: Times New Roman, serif;\"><span style=\"font-size: large;\">Evreux :<\/span><\/span><\/span> <\/em><em><span style=\"font-family: apple-system, BlinkMacSystemFont, Segoe UI, Roboto, Helvetica Neue, Arial, Noto Sans, sans-serif, Apple Color Emoji, Segoe UI Emoji, Segoe UI Symbol, Noto Color Emoji;\"><span style=\"font-size: medium;\">Place Cl\u00e9menceau<\/span><\/span><span style=\"font-family: Times New Roman, serif;\"><span style=\"font-size: large;\"> : <\/span><\/span><span style=\"font-family: apple-system, BlinkMacSystemFont, Segoe UI, Roboto, Helvetica Neue, Arial, Noto Sans, sans-serif, Apple Color Emoji, Segoe UI Emoji, Segoe UI Symbol, Noto Color Emoji;\"><span style=\"font-size: medium;\">toute l&rsquo;ann\u00e9e les jours suivants : mercredi, samedi de 8h \u00e0 13h<\/span><\/span><\/em><em><span style=\"font-family: apple-system, BlinkMacSystemFont, 'Segoe UI', Roboto, 'Helvetica Neue', Arial, 'Noto Sans', sans-serif, 'Apple Color Emoji', 'Segoe UI Emoji', 'Segoe UI Symbol', 'Noto Color Emoji';\"><span style=\"font-size: medium;\">Centre ville : toute l&rsquo;ann\u00e9e les jours suivants : mardi, vendredi de 8h \u00e0 13h <\/span><\/span><\/em><em><span style=\"font-family: apple-system, BlinkMacSystemFont, Segoe UI, Roboto, Helvetica Neue, Arial, Noto Sans, sans-serif, Apple Color Emoji, Segoe UI Emoji, Segoe UI Symbol, Noto Color Emoji;\"><span style=\"font-size: medium;\">Rue de Ruby :<\/span><\/span> <span style=\"font-family: apple-system, BlinkMacSystemFont, Segoe UI, Roboto, Helvetica Neue, Arial, Noto Sans, sans-serif, Apple Color Emoji, Segoe UI Emoji, Segoe UI Symbol, Noto Color Emoji;\"><span style=\"font-size: medium;\">toute l&rsquo;ann\u00e9e les jours suivants : vendredi, dimanche de 8h \u00e0 13h<\/span><\/span><\/em><em><span style=\"font-family: apple-system, BlinkMacSystemFont, Segoe UI, Roboto, Helvetica Neue, Arial, Noto Sans, sans-serif, Apple Color Emoji, Segoe UI Emoji, Segoe UI Symbol, Noto Color Emoji;\"><span style=\"font-size: medium;\">Place Bertrand du Pouget :<\/span><\/span> <span style=\"font-family: apple-system, BlinkMacSystemFont, Segoe UI, Roboto, Helvetica Neue, Arial, Noto Sans, sans-serif, Apple Color Emoji, Segoe UI Emoji, Segoe UI Symbol, Noto Color Emoji;\"><span style=\"font-size: medium;\">toute l&rsquo;ann\u00e9e le dimanche de 8h \u00e0 13h<\/span><\/span><\/em><em><span style=\"font-family: apple-system, BlinkMacSystemFont, 'Segoe UI', Roboto, 'Helvetica Neue', Arial, 'Noto Sans', sans-serif, 'Apple Color Emoji', 'Segoe UI Emoji', 'Segoe UI Symbol', 'Noto Color Emoji';\"><span style=\"font-size: medium;\">La Madelaine : toute l&rsquo;ann\u00e9e les jours suivants : vendredi, dimanche de 8h \u00e0 13h <\/span><\/span><\/em><\/span><\/li><\/ul><h4><span style=\"color: #00ff00;\"><em><span style=\"text-decoration: underline;\"><strong>Les cin\u00e9mas :<\/strong><\/span><\/em><\/span><\/h4><ul><li><span style=\"color: #ccffcc;\"><em>Le Viking : 68 Rue de la R\u00e9publique, 27110 Le Neubourg<\/em><\/span><\/li><li><span style=\"color: #ccffcc;\"><em>Grand forum : Bd de Crosne, 27400 Louviers<\/em><\/span><\/li><li><span style=\"color: #ccffcc;\"><em>path\u00e9 : 3 Rue du 7e Chasseur, 27000 \u00c9vreux<\/em><\/span><\/li><\/ul><h4>\u00a0<\/h4><h4><span style=\"color: #ff0000;\"><em>Liste non exhaustive, rendez vous sur le site de l&rsquo;office du tourisme\u00a0de LE NEUBOURG, de l&rsquo;Eure ou de Normandie pour avoir plus d&rsquo;id\u00e9es.<\/em><\/span><br \/><span style=\"color: #ff0000;\"><em>Voir liens ci dessous :<\/em><\/span><\/h4><h6><a href=\"http:\/\/www.tourisme.paysduneubourg.fr\/\">http:\/\/www.tourisme.paysduneubourg.fr\/<\/a><br \/><a href=\"https:\/\/www.eure-tourisme.fr\/\">https:\/\/www.eure-tourisme.fr\/<\/a><br \/><a href=\"https:\/\/www.normandie-tourisme.fr\/\">https:\/\/www.normandie-tourisme.fr\/<\/a><\/h6><h6><a href=\"https:\/\/www.normandie-tourisme.fr\/\">Normandie Tourisme &#8211; Week-end et Vacances en Normandie (normandie-tourisme.fr)<\/a><\/h6>\t\t\t\t\t\t\t\t<\/div>\n\t\t\t\t<\/div>\n\t\t\t\t\t<\/div>\n\t\t<\/div>\n\t\t\t\t\t<\/div>\n\t\t<\/section>\n\t\t\t\t<\/div>\n\t\t","protected":false},"excerpt":{"rendered":"<p>\u00a0 Id\u00e9es de visites \u00e0 proximit\u00e9 : Ch\u00e2teau du champ de bataille \u00e0 SAINTE OPPORTUNE DU BOSC Ch\u00e2teau\u00a0Gaillard \u00e0 Les Andelys Ch\u00e2teau\u00a0de Gisors Ch\u00e2teau d&rsquo;Harcourt et son arboretum Mus\u00e9e des impressionnismes \u00e0 Giverny Mus\u00e9e de l&rsquo;\u00e9corch\u00e9 Le Neubourg Village et abbaye du Bec Hellouin Les jardins de Claude Monet \u00e0 Giverny La cit\u00e9 antique de Gisacum \u2013 proche evreux Visite de Rouen &#8211;\u00a0https:\/\/www.rouentourisme.com\/incontournables\/ \u00a0 Id\u00e9es d&rsquo;activit\u00e9s : Terrain de p\u00e9tanque, city stade et cabane de lecture dans le village Golfs du champs de bataille et d&rsquo;EVREUX Voie verte \u00e0 4km Bois du champ de bataille (parcours\u00a0sportif et d&rsquo;orientation) Zoo de Cerza &#8211; Zoo de Cerza : Parc animalier Normandie Biotropica (jardins animaliers ) &#8211;\u00a0https:\/\/www.biotropica.fr Parc aquatique Center parc \u00e0 Verneuil sur avre Piscine Le Neubourg (5km) Trampoline park au Thuit signol &#8211; Jump&rsquo;Park276 (jump-park276.fr) Centre \u00e9questre Le Neubourg &#8211;\u00a0https:\/\/www.club-hippique-neubourg.fr Acroforest \u00e0 Brosville (accrobranche, escape game, laser forest, combat sumo, commando forest, &#8230;) &#8211;\u00a0https:\/\/www.acroforest.com\/ Patinoire et piscine \u00e0 Louviers \u00e0 17 km &#8211;https:\/\/www.patinoire-glaceo.fr G\u00e9ocaching &#8211;\u00a0https:\/\/www.geocaching.com\/ Lac de Lery pose (activit\u00e9s nautiques et terrestres) &#8211;https:\/\/lery-poses.fr Cabaret au Vitotel &#8211; vitotel-cabaret.fr Cano\u00e9 kayak sur l&rsquo;Eure ou la seine ballade en attelage et visite de la ferme &#8211; auxclouleureducheval.fr Les plages sont \u00e0 environ 1h15 du g\u00eete ; vous retrouverez toutes les plages de Normandie du d\u00e9barquement \u00a0 Les march\u00e9s : Le Neubourg : tous les mercredis matins toute l&rsquo;ann\u00e9e Louviers :toute l&rsquo;ann\u00e9e le samedi de 8h \u00e0 13h en centre ville (heures de d\u00e9but et fin de march\u00e9 peuvent varier en fonction de la m\u00e9t\u00e9o et de la saison)toute l&rsquo;ann\u00e9e le mercredi de 9h \u00e0 13h (adresse : Place du Champ de Ville) Evreux : Place Cl\u00e9menceau : toute l&rsquo;ann\u00e9e les jours suivants : mercredi, samedi de 8h \u00e0 13hCentre ville : toute l&rsquo;ann\u00e9e les jours suivants : mardi, vendredi de 8h \u00e0 13h Rue de Ruby : toute l&rsquo;ann\u00e9e les jours suivants : vendredi, dimanche de 8h \u00e0 13hPlace Bertrand du Pouget : toute l&rsquo;ann\u00e9e le dimanche de 8h \u00e0 13hLa Madelaine : toute l&rsquo;ann\u00e9e les jours suivants : vendredi, dimanche de 8h \u00e0 13h Les cin\u00e9mas : Le Viking : 68 Rue de la R\u00e9publique, 27110 Le Neubourg Grand forum : Bd de Crosne, 27400 Louviers path\u00e9 : 3 Rue du 7e Chasseur, 27000 \u00c9vreux \u00a0 Liste non exhaustive, rendez vous sur le site de l&rsquo;office du tourisme\u00a0de LE NEUBOURG, de l&rsquo;Eure ou de Normandie pour avoir plus d&rsquo;id\u00e9es.Voir liens ci dessous : http:\/\/www.tourisme.paysduneubourg.fr\/https:\/\/www.eure-tourisme.fr\/https:\/\/www.normandie-tourisme.fr\/ Normandie Tourisme &#8211; Week-end et Vacances en Normandie (normandie-tourisme.fr)<\/p>\n","protected":false},"author":1,"featured_media":0,"parent":0,"menu_order":0,"comment_status":"closed","ping_status":"closed","template":"","meta":{"_seopress_robots_primary_cat":"","_seopress_titles_title":"","_seopress_titles_desc":"","_seopress_robots_index":"","two_page_speed":[],"footnotes":""},"class_list":["post-143","page","type-page","status-publish","hentry"],"yoast_head":"<!-- This site is optimized with the Yoast SEO plugin v27.4 - https:\/\/yoast.com\/product\/yoast-seo-wordpress\/ -->\n<title>A voir \/ A faire - G\u00eete l&#039;Ygddrasil \u00e0 Marbeuf dans l&#039;Eure (27) - location de vacances jusqu&#039;\u00e0 11 personnes<\/title>\n<meta name=\"description\" content=\"gi\u00eete l&#039;Yggdrasil france normandie eure marbeuf le neubourg evreux rouen campagne calme location semaine week-end mild-week vacances\" \/>\n<meta name=\"robots\" content=\"index, follow, max-snippet:-1, max-image-preview:large, max-video-preview:-1\" \/>\n<link rel=\"canonical\" href=\"https:\/\/lyggdrasil.com\/index.php\/a-voir-a-faire\/\" \/>\n<meta property=\"og:locale\" content=\"fr_FR\" \/>\n<meta property=\"og:type\" content=\"article\" \/>\n<meta property=\"og:title\" content=\"A voir \/ A faire - G\u00eete l&#039;Ygddrasil \u00e0 Marbeuf dans l&#039;Eure (27) - location de vacances jusqu&#039;\u00e0 11 personnes\" \/>\n<meta property=\"og:description\" content=\"gi\u00eete l&#039;Yggdrasil france normandie eure marbeuf le neubourg evreux rouen campagne calme location semaine week-end mild-week vacances\" \/>\n<meta property=\"og:url\" content=\"https:\/\/lyggdrasil.com\/index.php\/a-voir-a-faire\/\" \/>\n<meta property=\"og:site_name\" content=\"G\u00eete l&#039;Ygddrasil \u00e0 Marbeuf dans l&#039;Eure (27) - location de vacances jusqu&#039;\u00e0 11 personnes\" \/>\n<meta property=\"article:publisher\" content=\"https:\/\/www.facebook.com\/gte-lyggdrasil-103706265639704\/\" \/>\n<meta property=\"article:modified_time\" content=\"2024-10-14T10:40:04+00:00\" \/>\n<meta name=\"twitter:card\" content=\"summary_large_image\" \/>\n<meta name=\"twitter:label1\" content=\"Dur\u00e9e de lecture estim\u00e9e\" \/>\n\t<meta name=\"twitter:data1\" content=\"2 minutes\" \/>\n<script type=\"application\/ld+json\" class=\"yoast-schema-graph\">{\"@context\":\"https:\\\/\\\/schema.org\",\"@graph\":[{\"@type\":\"WebPage\",\"@id\":\"https:\\\/\\\/lyggdrasil.com\\\/index.php\\\/a-voir-a-faire\\\/\",\"url\":\"https:\\\/\\\/lyggdrasil.com\\\/index.php\\\/a-voir-a-faire\\\/\",\"name\":\"A voir \\\/ A faire - G\u00eete l&#039;Ygddrasil \u00e0 Marbeuf dans l&#039;Eure (27) - location de vacances jusqu&#039;\u00e0 11 personnes\",\"isPartOf\":{\"@id\":\"https:\\\/\\\/lyggdrasil.com\\\/#website\"},\"datePublished\":\"2022-07-01T12:21:19+00:00\",\"dateModified\":\"2024-10-14T10:40:04+00:00\",\"description\":\"gi\u00eete l'Yggdrasil france normandie eure marbeuf le neubourg evreux rouen campagne calme location semaine week-end mild-week vacances\",\"breadcrumb\":{\"@id\":\"https:\\\/\\\/lyggdrasil.com\\\/index.php\\\/a-voir-a-faire\\\/#breadcrumb\"},\"inLanguage\":\"fr-FR\",\"potentialAction\":[{\"@type\":\"ReadAction\",\"target\":[\"https:\\\/\\\/lyggdrasil.com\\\/index.php\\\/a-voir-a-faire\\\/\"]}]},{\"@type\":\"BreadcrumbList\",\"@id\":\"https:\\\/\\\/lyggdrasil.com\\\/index.php\\\/a-voir-a-faire\\\/#breadcrumb\",\"itemListElement\":[{\"@type\":\"ListItem\",\"position\":1,\"name\":\"Accueil\",\"item\":\"https:\\\/\\\/lyggdrasil.com\\\/\"},{\"@type\":\"ListItem\",\"position\":2,\"name\":\"A voir \\\/ A faire\"}]},{\"@type\":\"WebSite\",\"@id\":\"https:\\\/\\\/lyggdrasil.com\\\/#website\",\"url\":\"https:\\\/\\\/lyggdrasil.com\\\/\",\"name\":\"G\u00eete l&#039;Ygddrasil \u00e0 Marbeuf dans l&#039;Eure (27) - location de vacances jusqu&#039;\u00e0 11 personnes\",\"description\":\"Venez vous resourcer en plein c\u0153ur de la Normandie, \u00e0 Marbeuf dans l&#039;Eure (27) dans un g\u00eete pouvant accueillir jusqu&#039;\u00e0 11 personnes - proche LE NEUBOURG, ROUEN et EVREUX\",\"publisher\":{\"@id\":\"https:\\\/\\\/lyggdrasil.com\\\/#organization\"},\"potentialAction\":[{\"@type\":\"SearchAction\",\"target\":{\"@type\":\"EntryPoint\",\"urlTemplate\":\"https:\\\/\\\/lyggdrasil.com\\\/?s={search_term_string}\"},\"query-input\":{\"@type\":\"PropertyValueSpecification\",\"valueRequired\":true,\"valueName\":\"search_term_string\"}}],\"inLanguage\":\"fr-FR\"},{\"@type\":\"Organization\",\"@id\":\"https:\\\/\\\/lyggdrasil.com\\\/#organization\",\"name\":\"G\u00eete l'Yggdrasil\",\"url\":\"https:\\\/\\\/lyggdrasil.com\\\/\",\"logo\":{\"@type\":\"ImageObject\",\"inLanguage\":\"fr-FR\",\"@id\":\"https:\\\/\\\/lyggdrasil.com\\\/#\\\/schema\\\/logo\\\/image\\\/\",\"url\":\"https:\\\/\\\/lyggdrasil.com\\\/wp-content\\\/uploads\\\/2022\\\/04\\\/cropped-arbre-de-vie.png\",\"contentUrl\":\"https:\\\/\\\/lyggdrasil.com\\\/wp-content\\\/uploads\\\/2022\\\/04\\\/cropped-arbre-de-vie.png\",\"width\":2357,\"height\":2357,\"caption\":\"G\u00eete l'Yggdrasil\"},\"image\":{\"@id\":\"https:\\\/\\\/lyggdrasil.com\\\/#\\\/schema\\\/logo\\\/image\\\/\"},\"sameAs\":[\"https:\\\/\\\/www.facebook.com\\\/gte-lyggdrasil-103706265639704\\\/\",\"https:\\\/\\\/www.instagram.com\\\/gite_l_yggdrasil\\\/\"]}]}<\/script>\n<!-- \/ Yoast SEO plugin. -->","yoast_head_json":{"title":"A voir \/ A faire - G\u00eete l&#039;Ygddrasil \u00e0 Marbeuf dans l&#039;Eure (27) - location de vacances jusqu&#039;\u00e0 11 personnes","description":"gi\u00eete l'Yggdrasil france normandie eure marbeuf le neubourg evreux rouen campagne calme location semaine week-end mild-week vacances","robots":{"index":"index","follow":"follow","max-snippet":"max-snippet:-1","max-image-preview":"max-image-preview:large","max-video-preview":"max-video-preview:-1"},"canonical":"https:\/\/lyggdrasil.com\/index.php\/a-voir-a-faire\/","og_locale":"fr_FR","og_type":"article","og_title":"A voir \/ A faire - G\u00eete l&#039;Ygddrasil \u00e0 Marbeuf dans l&#039;Eure (27) - location de vacances jusqu&#039;\u00e0 11 personnes","og_description":"gi\u00eete l'Yggdrasil france normandie eure marbeuf le neubourg evreux rouen campagne calme location semaine week-end mild-week vacances","og_url":"https:\/\/lyggdrasil.com\/index.php\/a-voir-a-faire\/","og_site_name":"G\u00eete l&#039;Ygddrasil \u00e0 Marbeuf dans l&#039;Eure (27) - location de vacances jusqu&#039;\u00e0 11 personnes","article_publisher":"https:\/\/www.facebook.com\/gte-lyggdrasil-103706265639704\/","article_modified_time":"2024-10-14T10:40:04+00:00","twitter_card":"summary_large_image","twitter_misc":{"Dur\u00e9e de lecture estim\u00e9e":"2 minutes"},"schema":{"@context":"https:\/\/schema.org","@graph":[{"@type":"WebPage","@id":"https:\/\/lyggdrasil.com\/index.php\/a-voir-a-faire\/","url":"https:\/\/lyggdrasil.com\/index.php\/a-voir-a-faire\/","name":"A voir \/ A faire - G\u00eete l&#039;Ygddrasil \u00e0 Marbeuf dans l&#039;Eure (27) - location de vacances jusqu&#039;\u00e0 11 personnes","isPartOf":{"@id":"https:\/\/lyggdrasil.com\/#website"},"datePublished":"2022-07-01T12:21:19+00:00","dateModified":"2024-10-14T10:40:04+00:00","description":"gi\u00eete l'Yggdrasil france normandie eure marbeuf le neubourg evreux rouen campagne calme location semaine week-end mild-week vacances","breadcrumb":{"@id":"https:\/\/lyggdrasil.com\/index.php\/a-voir-a-faire\/#breadcrumb"},"inLanguage":"fr-FR","potentialAction":[{"@type":"ReadAction","target":["https:\/\/lyggdrasil.com\/index.php\/a-voir-a-faire\/"]}]},{"@type":"BreadcrumbList","@id":"https:\/\/lyggdrasil.com\/index.php\/a-voir-a-faire\/#breadcrumb","itemListElement":[{"@type":"ListItem","position":1,"name":"Accueil","item":"https:\/\/lyggdrasil.com\/"},{"@type":"ListItem","position":2,"name":"A voir \/ A faire"}]},{"@type":"WebSite","@id":"https:\/\/lyggdrasil.com\/#website","url":"https:\/\/lyggdrasil.com\/","name":"G\u00eete l&#039;Ygddrasil \u00e0 Marbeuf dans l&#039;Eure (27) - location de vacances jusqu&#039;\u00e0 11 personnes","description":"Venez vous resourcer en plein c\u0153ur de la Normandie, \u00e0 Marbeuf dans l&#039;Eure (27) dans un g\u00eete pouvant accueillir jusqu&#039;\u00e0 11 personnes - proche LE NEUBOURG, ROUEN et EVREUX","publisher":{"@id":"https:\/\/lyggdrasil.com\/#organization"},"potentialAction":[{"@type":"SearchAction","target":{"@type":"EntryPoint","urlTemplate":"https:\/\/lyggdrasil.com\/?s={search_term_string}"},"query-input":{"@type":"PropertyValueSpecification","valueRequired":true,"valueName":"search_term_string"}}],"inLanguage":"fr-FR"},{"@type":"Organization","@id":"https:\/\/lyggdrasil.com\/#organization","name":"G\u00eete l'Yggdrasil","url":"https:\/\/lyggdrasil.com\/","logo":{"@type":"ImageObject","inLanguage":"fr-FR","@id":"https:\/\/lyggdrasil.com\/#\/schema\/logo\/image\/","url":"https:\/\/lyggdrasil.com\/wp-content\/uploads\/2022\/04\/cropped-arbre-de-vie.png","contentUrl":"https:\/\/lyggdrasil.com\/wp-content\/uploads\/2022\/04\/cropped-arbre-de-vie.png","width":2357,"height":2357,"caption":"G\u00eete l'Yggdrasil"},"image":{"@id":"https:\/\/lyggdrasil.com\/#\/schema\/logo\/image\/"},"sameAs":["https:\/\/www.facebook.com\/gte-lyggdrasil-103706265639704\/","https:\/\/www.instagram.com\/gite_l_yggdrasil\/"]}]}},"_links":{"self":[{"href":"https:\/\/lyggdrasil.com\/index.php\/wp-json\/wp\/v2\/pages\/143","targetHints":{"allow":["GET"]}}],"collection":[{"href":"https:\/\/lyggdrasil.com\/index.php\/wp-json\/wp\/v2\/pages"}],"about":[{"href":"https:\/\/lyggdrasil.com\/index.php\/wp-json\/wp\/v2\/types\/page"}],"author":[{"embeddable":true,"href":"https:\/\/lyggdrasil.com\/index.php\/wp-json\/wp\/v2\/users\/1"}],"replies":[{"embeddable":true,"href":"https:\/\/lyggdrasil.com\/index.php\/wp-json\/wp\/v2\/comments?post=143"}],"version-history":[{"count":25,"href":"https:\/\/lyggdrasil.com\/index.php\/wp-json\/wp\/v2\/pages\/143\/revisions"}],"predecessor-version":[{"id":935,"href":"https:\/\/lyggdrasil.com\/index.php\/wp-json\/wp\/v2\/pages\/143\/revisions\/935"}],"wp:attachment":[{"href":"https:\/\/lyggdrasil.com\/index.php\/wp-json\/wp\/v2\/media?parent=143"}],"curies":[{"name":"wp","href":"https:\/\/api.w.org\/{rel}","templated":true}]}}